{"id":1748,"date":"2024-09-26T10:17:29","date_gmt":"2024-09-26T08:17:29","guid":{"rendered":"https:\/\/www.plurima.net\/?page_id=1748"},"modified":"2024-09-26T10:28:40","modified_gmt":"2024-09-26T08:28:40","slug":"certificazione-ambientale","status":"publish","type":"page","link":"https:\/\/www.plurima.net\/index.php\/certificazione-ambientale\/","title":{"rendered":"Certificazione ambientale"},"content":{"rendered":"\n<p>LA NOSTRA STRATEGIA AMBIENTALE E&#8217; CERTIFICATA!<\/p>\n\n\n\n<p>ITALNEXT S.R.L. \u00e8 Certificata in conformit\u00e0 alla norma ISO 14001.<\/p>\n\n\n\n<p>&#8220;servizi amministrativi, gestionali, di consulenza e supporto alle attivit\u00e0 di intermediazioni assicurativa di terzi. Intermediazione per la vendita di prodotti assicurativi e per la promozione di tutele previdenziali e assistenziali.&#8221;<\/p>\n\n\n\n<p>La Certificazione \u00e8 il risultato di una precisa volont\u00e0 della nostra azienda, l&#8217;espressione di un orientamento condiviso a tutti livelli all&#8217;interno di Reale Group, che assegna all&#8217;ambiente un ruolo centrale. Possiamo, infatti, contare su una vera e propria &#8220;strategia&#8221; capace di assicurare nel tempo un costante miglioramento del sistema di gestione ambientale. Questa scelta rappresenta il punto di forza di una cultura orientata al controllo degli impatti ambientali e percepita attraverso la reale corrispondenza dei servizi alle sue aspettative.<\/p>\n\n\n\n<p>Lo scopo della Certificazione Ambientale<\/p>\n\n\n\n<p>Il Sistema di Gestione Ambientale, ai sensi della norma ISO 14001, \u00e8 la parte del sistema di gestione generale che comprende la struttura organizzativa, le attivit\u00e0 di pianificazione, le responsabilit\u00e0, le prassi, le procedure, i processi, le risorse per elaborare, mettere in atto, conseguire, riesaminare e mantenere attiva la politica ambientale.<\/p>\n\n\n\n<p>Tra i principali obbiettivi di un Sistema di Gestione Ambientale vi sono: la capacit\u00e0 dell&#8217;impresa di svolgere responsabilmente la propria attivit\u00e0 secondo modalit\u00e0 che garantiscano il rispetto dell&#8217;ambiente; la facolt\u00e0 di identificare, analizzare, prevedere, prevenire e controllare gli effetti ambientali; la possibilit\u00e0 di modificare e aggiornare continuamente l&#8217;organizzazione e migliorare le prestazioni ambientali in relazione ai cambiamenti dei fattori interni ed esterni; la capacit\u00e0 di attivare, motivare e valorizzare l&#8217;iniziativa di tutti gli attori all&#8217;interno dell&#8217;organizzazione; la facolt\u00e0 di comunicare e interagire con i soggetti esterni interessati o coinvolti nelle prestazioni ambientali dell&#8217;impresa.<\/p>\n\n\n\n<p><a href=\"http:\/\/www.plurima.net\/wp-content\/uploads\/2024\/09\/Certificato-ISO-14001-ITALNEXT-2024.pdf\" target=\"_blank\" rel=\"noreferrer noopener\">SCARICA IL CERTIFICATO<\/a><\/p>\n\n\n\n<p><a href=\"https:\/\/www.realegroup.eu\/IT\/chi-siamo\/sostenibilita\/impact-sustainability\" target=\"_blank\" rel=\"noreferrer noopener\">APPROFONDISCI LA STRATEGIA DI SOSTENIBILITA&#8217;<\/a><\/p>\n","protected":false},"excerpt":{"rendered":"<p>LA NOSTRA STRATEGIA AMBIENTALE E&#8217; CERTIFICATA! ITALNEXT S.R.L. \u00e8 Certificata in conformit\u00e0 alla norma ISO 14001. &#8220;servizi amministrativi, gestionali, di consulenza e supporto alle attivit\u00e0 di intermediazioni assicurativa di terzi&#8230;.<\/p>\n","protected":false},"author":2,"featured_media":0,"parent":0,"menu_order":0,"comment_status":"closed","ping_status":"closed","template":"","meta":{"_themeisle_gutenberg_block_has_review":false,"footnotes":""},"class_list":["post-1748","page","type-page","status-publish"],"yoast_head":"<!-- This site is optimized with the Yoast SEO plugin v23.8 - https:\/\/yoast.com\/wordpress\/plugins\/seo\/ -->\n<title>Certificazione ambientale - Plurima by Italnext<\/title>\n<meta name=\"robots\" content=\"index, follow, max-snippet:-1, max-image-preview:large, max-video-preview:-1\" \/>\n<link rel=\"canonical\" href=\"https:\/\/www.plurima.net\/index.php\/certificazione-ambientale\/\" \/>\n<meta property=\"og:locale\" content=\"it_IT\" \/>\n<meta property=\"og:type\" content=\"article\" \/>\n<meta property=\"og:title\" content=\"Certificazione ambientale - Plurima by Italnext\" \/>\n<meta property=\"og:description\" content=\"LA NOSTRA STRATEGIA AMBIENTALE E&#8217; CERTIFICATA! ITALNEXT S.R.L. \u00e8 Certificata in conformit\u00e0 alla norma ISO 14001. &#8220;servizi amministrativi, gestionali, di consulenza e supporto alle attivit\u00e0 di intermediazioni assicurativa di terzi....\" \/>\n<meta property=\"og:url\" content=\"https:\/\/www.plurima.net\/index.php\/certificazione-ambientale\/\" \/>\n<meta property=\"og:site_name\" content=\"Plurima by Italnext\" \/>\n<meta property=\"article:modified_time\" content=\"2024-09-26T08:28:40+00:00\" \/>\n<meta name=\"twitter:card\" content=\"summary_large_image\" \/>\n<meta name=\"twitter:label1\" content=\"Tempo di lettura stimato\" \/>\n\t<meta name=\"twitter:data1\" content=\"2 minuti\" \/>\n<script type=\"application\/ld+json\" class=\"yoast-schema-graph\">{\"@context\":\"https:\/\/schema.org\",\"@graph\":[{\"@type\":\"WebPage\",\"@id\":\"https:\/\/www.plurima.net\/index.php\/certificazione-ambientale\/\",\"url\":\"https:\/\/www.plurima.net\/index.php\/certificazione-ambientale\/\",\"name\":\"Certificazione ambientale - Plurima by Italnext\",\"isPartOf\":{\"@id\":\"https:\/\/www.plurima.net\/#website\"},\"datePublished\":\"2024-09-26T08:17:29+00:00\",\"dateModified\":\"2024-09-26T08:28:40+00:00\",\"breadcrumb\":{\"@id\":\"https:\/\/www.plurima.net\/index.php\/certificazione-ambientale\/#breadcrumb\"},\"inLanguage\":\"it-IT\",\"potentialAction\":[{\"@type\":\"ReadAction\",\"target\":[\"https:\/\/www.plurima.net\/index.php\/certificazione-ambientale\/\"]}]},{\"@type\":\"BreadcrumbList\",\"@id\":\"https:\/\/www.plurima.net\/index.php\/certificazione-ambientale\/#breadcrumb\",\"itemListElement\":[{\"@type\":\"ListItem\",\"position\":1,\"name\":\"Home\",\"item\":\"https:\/\/www.plurima.net\/\"},{\"@type\":\"ListItem\",\"position\":2,\"name\":\"Certificazione ambientale\"}]},{\"@type\":\"WebSite\",\"@id\":\"https:\/\/www.plurima.net\/#website\",\"url\":\"https:\/\/www.plurima.net\/\",\"name\":\"Plurima by Italnext\",\"description\":\"Plurima Servizi Assicurativi\",\"publisher\":{\"@id\":\"https:\/\/www.plurima.net\/#organization\"},\"potentialAction\":[{\"@type\":\"SearchAction\",\"target\":{\"@type\":\"EntryPoint\",\"urlTemplate\":\"https:\/\/www.plurima.net\/?s={search_term_string}\"},\"query-input\":{\"@type\":\"PropertyValueSpecification\",\"valueRequired\":true,\"valueName\":\"search_term_string\"}}],\"inLanguage\":\"it-IT\"},{\"@type\":\"Organization\",\"@id\":\"https:\/\/www.plurima.net\/#organization\",\"name\":\"Plurima\",\"url\":\"https:\/\/www.plurima.net\/\",\"logo\":{\"@type\":\"ImageObject\",\"inLanguage\":\"it-IT\",\"@id\":\"https:\/\/www.plurima.net\/#\/schema\/logo\/image\/\",\"url\":\"http:\/\/www.plurima.net\/wp-content\/uploads\/2021\/11\/timiline.jpg\",\"contentUrl\":\"http:\/\/www.plurima.net\/wp-content\/uploads\/2021\/11\/timiline.jpg\",\"width\":500,\"height\":350,\"caption\":\"Plurima\"},\"image\":{\"@id\":\"https:\/\/www.plurima.net\/#\/schema\/logo\/image\/\"}}]}<\/script>\n<!-- \/ Yoast SEO plugin. -->","yoast_head_json":{"title":"Certificazione ambientale - Plurima by Italnext","robots":{"index":"index","follow":"follow","max-snippet":"max-snippet:-1","max-image-preview":"max-image-preview:large","max-video-preview":"max-video-preview:-1"},"canonical":"https:\/\/www.plurima.net\/index.php\/certificazione-ambientale\/","og_locale":"it_IT","og_type":"article","og_title":"Certificazione ambientale - Plurima by Italnext","og_description":"LA NOSTRA STRATEGIA AMBIENTALE E&#8217; CERTIFICATA! ITALNEXT S.R.L. \u00e8 Certificata in conformit\u00e0 alla norma ISO 14001. &#8220;servizi amministrativi, gestionali, di consulenza e supporto alle attivit\u00e0 di intermediazioni assicurativa di terzi....","og_url":"https:\/\/www.plurima.net\/index.php\/certificazione-ambientale\/","og_site_name":"Plurima by Italnext","article_modified_time":"2024-09-26T08:28:40+00:00","twitter_card":"summary_large_image","twitter_misc":{"Tempo di lettura stimato":"2 minuti"},"schema":{"@context":"https:\/\/schema.org","@graph":[{"@type":"WebPage","@id":"https:\/\/www.plurima.net\/index.php\/certificazione-ambientale\/","url":"https:\/\/www.plurima.net\/index.php\/certificazione-ambientale\/","name":"Certificazione ambientale - Plurima by Italnext","isPartOf":{"@id":"https:\/\/www.plurima.net\/#website"},"datePublished":"2024-09-26T08:17:29+00:00","dateModified":"2024-09-26T08:28:40+00:00","breadcrumb":{"@id":"https:\/\/www.plurima.net\/index.php\/certificazione-ambientale\/#breadcrumb"},"inLanguage":"it-IT","potentialAction":[{"@type":"ReadAction","target":["https:\/\/www.plurima.net\/index.php\/certificazione-ambientale\/"]}]},{"@type":"BreadcrumbList","@id":"https:\/\/www.plurima.net\/index.php\/certificazione-ambientale\/#breadcrumb","itemListElement":[{"@type":"ListItem","position":1,"name":"Home","item":"https:\/\/www.plurima.net\/"},{"@type":"ListItem","position":2,"name":"Certificazione ambientale"}]},{"@type":"WebSite","@id":"https:\/\/www.plurima.net\/#website","url":"https:\/\/www.plurima.net\/","name":"Plurima by Italnext","description":"Plurima Servizi Assicurativi","publisher":{"@id":"https:\/\/www.plurima.net\/#organization"},"potentialAction":[{"@type":"SearchAction","target":{"@type":"EntryPoint","urlTemplate":"https:\/\/www.plurima.net\/?s={search_term_string}"},"query-input":{"@type":"PropertyValueSpecification","valueRequired":true,"valueName":"search_term_string"}}],"inLanguage":"it-IT"},{"@type":"Organization","@id":"https:\/\/www.plurima.net\/#organization","name":"Plurima","url":"https:\/\/www.plurima.net\/","logo":{"@type":"ImageObject","inLanguage":"it-IT","@id":"https:\/\/www.plurima.net\/#\/schema\/logo\/image\/","url":"http:\/\/www.plurima.net\/wp-content\/uploads\/2021\/11\/timiline.jpg","contentUrl":"http:\/\/www.plurima.net\/wp-content\/uploads\/2021\/11\/timiline.jpg","width":500,"height":350,"caption":"Plurima"},"image":{"@id":"https:\/\/www.plurima.net\/#\/schema\/logo\/image\/"}}]}},"_links":{"self":[{"href":"https:\/\/www.plurima.net\/index.php\/wp-json\/wp\/v2\/pages\/1748"}],"collection":[{"href":"https:\/\/www.plurima.net\/index.php\/wp-json\/wp\/v2\/pages"}],"about":[{"href":"https:\/\/www.plurima.net\/index.php\/wp-json\/wp\/v2\/types\/page"}],"author":[{"embeddable":true,"href":"https:\/\/www.plurima.net\/index.php\/wp-json\/wp\/v2\/users\/2"}],"replies":[{"embeddable":true,"href":"https:\/\/www.plurima.net\/index.php\/wp-json\/wp\/v2\/comments?post=1748"}],"version-history":[{"count":2,"href":"https:\/\/www.plurima.net\/index.php\/wp-json\/wp\/v2\/pages\/1748\/revisions"}],"predecessor-version":[{"id":1752,"href":"https:\/\/www.plurima.net\/index.php\/wp-json\/wp\/v2\/pages\/1748\/revisions\/1752"}],"wp:attachment":[{"href":"https:\/\/www.plurima.net\/index.php\/wp-json\/wp\/v2\/media?parent=1748"}],"curies":[{"name":"wp","href":"https:\/\/api.w.org\/{rel}","templated":true}]}}