{"id":1788,"date":"2024-09-30T17:36:26","date_gmt":"2024-09-30T15:36:26","guid":{"rendered":"https:\/\/www.plurima.net\/?page_id=1788"},"modified":"2024-10-01T16:35:57","modified_gmt":"2024-10-01T14:35:57","slug":"gestione-reclami","status":"publish","type":"page","link":"https:\/\/www.plurima.net\/index.php\/gestione-reclami\/","title":{"rendered":"Gestione reclami"},"content":{"rendered":"\n<p><strong><mark style=\"background-color:rgba(0, 0, 0, 0)\" class=\"has-inline-color has-black-color\">RECLAMI<\/mark><\/strong><\/p>\n\n\n\n<p><strong><mark style=\"background-color:rgba(0, 0, 0, 0)\" class=\"has-inline-color has-black-color\">Cos\u2019\u00e8 un Reclamo?<\/mark><\/strong><\/p>\n\n\n\n<p>Ai sensi del Regolamento ISVAP (ora IVASS) n. 24 del 19 maggio 208 e successive integrazioni e modificazioni, il \u201cReclamo\u201d \u00e8 una dichiarazione di insoddisfazione in forma scritta nei confronti di un\u2019impresa di assicurazione, di un intermediario assicurativo o di un intermediario iscritto nell\u2019elenco annesso al Registro Unico Intermediari (\u201cRUI\u201d), relativa a un contratto o a un servizio assicurativo.<\/p>\n\n\n\n<p>Non sono considerati Reclami le richieste di informazioni o di chiarimenti, le richieste di risarcimento danni o di esecuzione del contratto.<\/p>\n\n\n\n<p><strong><mark style=\"background-color:rgba(0, 0, 0, 0)\" class=\"has-inline-color has-black-color\">A chi pu\u00f2 essere rivolto il reclamo?<\/mark><\/strong><\/p>\n\n\n\n<p>Ferma restando la possibilit\u00e0 di rivolgersi all\u2019Autorit\u00e0 Giudiziaria, il contraente pu\u00f2 inoltrare reclamo:<\/p>\n\n\n\n<ol class=\"wp-block-list\"><li><strong><mark style=\"background-color:rgba(0, 0, 0, 0)\" class=\"has-inline-color has-black-color\">All\u2019Impresa Assicuratrice<\/mark><\/strong>, cui possono essere indirizzati i reclami aventi ad oggetto la gestione del rapporto contrattuale, segnatamente sotto il profilo dell\u2019attribuzione di responsabilit\u00e0, della effettivit\u00e0 della prestazione, della quantificazione ed erogazione delle somme dovute all\u2019avente diritto o della gestione dei sinistri.<br><br>Di seguito i recapiti delle <strong><mark style=\"background-color:rgba(0, 0, 0, 0)\" class=\"has-inline-color has-black-color\">Compagnie<\/mark> <\/strong>con cui ITALNEXT collabora:<\/li><\/ol>\n\n\n\n<ol class=\"wp-block-list\"><li>Compagnia Italiana di Previdenza, Assicurazioni e Riassicurazioni S.p.A.<\/li><\/ol>\n\n\n\n<p><mark style=\"background-color:rgba(0, 0, 0, 0)\" class=\"has-inline-color has-black-color\"><strong>Italiana Assicurazioni Spa<\/strong><br><strong>Servizio <\/strong><em><strong>\u201cBenvenuti in Italiana\u201d<\/strong><\/em><\/mark><\/p>\n\n\n\n<p>Via Marco Ulpio Traiano 18<\/p>\n\n\n\n<p>20149 Milano<\/p>\n\n\n\n<p>Fax: +39 02 39717001<\/p>\n\n\n\n<p>Numero Verde: 800 1013 13 (attivo dal luned\u00ec al sabato, dalle 8 alle 20)<\/p>\n\n\n\n<p>Email: benvenutinitaliana@italiana.it<\/p>\n\n\n\n<p>PEC: <a href=\"mailto:italiana@pec.italiana.it\">italiana@pec.italiana.it<\/a><\/p>\n\n\n\n<ol class=\"wp-block-list\" start=\"2\"><li>Lloyd\u2019s<\/li><\/ol>\n\n\n\n<p><strong><mark style=\"background-color:rgba(0, 0, 0, 0)\" class=\"has-inline-color has-black-color\">Ufficio Reclami<\/mark><\/strong><\/p>\n\n\n\n<p><strong><mark style=\"background-color:rgba(0, 0, 0, 0)\" class=\"has-inline-color has-black-color\">Lloyd\u2019s Insurance Company S.A.<\/mark><\/strong><\/p>\n\n\n\n<p>Corso Garibaldi 86<\/p>\n\n\n\n<p>20121 Milano<\/p>\n\n\n\n<p>Fax: +39 02 63788857<\/p>\n\n\n\n<p>Email: LloydsEurope.ServizioReclami@lloyds.com<\/p>\n\n\n\n<p>PEC: <a href=\"mailto:LloydsEurope.ServizioReclami@pec.lloyds.com\">LloydsEurope.ServizioReclami@pec.lloyds.com<\/a><\/p>\n\n\n\n<ol class=\"wp-block-list\" start=\"3\"><li>REVO<\/li><\/ol>\n\n\n\n<p><strong><mark style=\"background-color:rgba(0, 0, 0, 0)\" class=\"has-inline-color has-black-color\">Funzione Reclami<\/mark><\/strong><\/p>\n\n\n\n<p>Via Monte Rosa 91<\/p>\n\n\n\n<p>20149 Milano<\/p>\n\n\n\n<p>Fax: +39 02 92885749<\/p>\n\n\n\n<p>Email: <a href=\"mailto:%20reclami@revoinsurance.com\">reclami@revoinsurance.com<\/a><\/p>\n\n\n\n<p>PEC: : <a href=\"mailto:reclami@pec.revoinsurance.com\">reclami@pec.revoinsurance.com<\/a><\/p>\n\n\n\n<ol class=\"wp-block-list\" start=\"4\"><li>EUROP ASSISTANCE<\/li><\/ol>\n\n\n\n<p><strong><mark style=\"background-color:rgba(0, 0, 0, 0)\" class=\"has-inline-color has-black-color\">Europ Assistance Italia S.p.A.<\/mark><\/strong><\/p>\n\n\n\n<p><strong><mark style=\"background-color:rgba(0, 0, 0, 0)\" class=\"has-inline-color has-black-color\">Ufficio Reclami<\/mark><\/strong><\/p>\n\n\n\n<p>Via Del Mulino 4<\/p>\n\n\n\n<p>20057 Assago<\/p>\n\n\n\n<p>Fax: +39 02 58477128<\/p>\n\n\n\n<p>Email: <a href=\"mailto:ufficio.reclami@europassistance.it\">ufficio.reclami@europassistance.it<\/a><\/p>\n\n\n\n<p>PEC: <a href=\"mailto:reclami@pec.europassistance.it\">reclami@pec.europassistance.it<\/a><\/p>\n\n\n\n<ol class=\"wp-block-list\" start=\"5\"><li>AMTRUST<\/li><\/ol>\n\n\n\n<p><strong><mark style=\"background-color:rgba(0, 0, 0, 0)\" class=\"has-inline-color has-black-color\">Ufficio Reclami<\/mark><\/strong><\/p>\n\n\n\n<p><strong><mark style=\"background-color:rgba(0, 0, 0, 0)\" class=\"has-inline-color has-black-color\">AmTrust Assicurazioni S.p.A.<\/mark><\/strong><\/p>\n\n\n\n<p>Via Clerici, 14<\/p>\n\n\n\n<p>20121 Milano<\/p>\n\n\n\n<p>Fax: +39 02 83438174<\/p>\n\n\n\n<p>Email: <a href=\"mailto:reclami@amtrustgroup.com\">reclami@amtrustgroup.com<\/a><\/p>\n\n\n\n<p>PEC: <a href=\"mailto:reclami.amtrust.assicurazioni@pec.it\">reclami.amtrust.assicurazioni@pec.it<\/a><\/p>\n\n\n\n<ol class=\"wp-block-list\" start=\"6\"><li>GARTENBAU<\/li><\/ol>\n\n\n\n<p><strong><mark style=\"background-color:rgba(0, 0, 0, 0)\" class=\"has-inline-color has-black-color\">Gartenbau-Versicherung VVaG<br>Sede Secondaria Italia<\/mark><\/strong><\/p>\n\n\n\n<p>Viale del Commercio, 47 Scala B2<\/p>\n\n\n\n<p>37135 Verona<\/p>\n\n\n\n<p>Email: <a href=\"mailto:info@hortisecur.it\">info@hortisecur.it<\/a><\/p>\n\n\n\n<p><strong><mark style=\"background-color:rgba(0, 0, 0, 0)\" class=\"has-inline-color has-black-color\">2. All\u2019IVASS o all\u2019Autorit\u00e0 di Vigilanza dello Stato di Origine degli assicuratori e degli intermediari iscritti nell\u2019elenco annesso<\/mark><\/strong><br><br>Ad\u00a0<strong><mark style=\"background-color:rgba(0, 0, 0, 0)\" class=\"has-inline-color has-black-color\">IVASS<\/mark>\u00a0<\/strong>possono essere presentati:<br>&#8211;\u00a0i reclami aventi ad oggetto l\u2019accertamento dell\u2019osservanza delle disposizioni del Codice delle Assicurazioni, delle relative norme di attuazione e del Codice del Consumo (relative alla commercializzazione a distanza di servizi finanziari al consumatore), da parte delle Compagnie di Assicurazione, degli intermediari da essa incaricati e dei periti assicurativi;<\/p>\n\n\n\n<p>&#8211;\u00a0i reclami gi\u00e0 presentati direttamente alle Imprese di Assicurazione, o agli intermediari assicurativi o agli intermediari iscritti nell\u2019elenco annesso, in caso di assenza di riscontro o in caso di risposta ritenuta non soddisfacente o tardiva;<br>&#8211;\u00a0i reclami per la risoluzione di liti transfrontaliere di cui all\u2019articolo 7 del Reg. Isvap 24\/2008.<br><br>I reclami indirizzati per iscritto ad IVASS devono contenere i seguenti dati:<br><br>a) nome, cognome e domicilio del reclamante con eventuale recapito telefonico;<br>b) denominazione del\/i soggetto\/i di cui si lamenta l\u2019operato (imprese di assicurazione, intermediari);<br>c) breve ed esaustiva descrizione del motivo della lamentela;<br>d) copia del reclamo presentato all\u2019impesa di assicurazione o all\u2019intermediario e dell\u2019eventuale riscontro fornito dagli stessi (nelle ipotesi di mancata risposta da parte degli stessi o di ricezione di una risposta ritenuta non soddisfacente);<br>e) ogni documento utile a descrivere compiutamente il fatto e le relative circostanze.<br><br>I reclami possono essere indirizzati &#8211; \u00a0utilizzando il modulo disponibile sul sito di IVASS (<a href=\"https:\/\/www.ivass.it\/\" target=\"_blank\" rel=\"noreferrer noopener\">www.ivass.it<\/a>) \u2013 a <strong><mark style=\"background-color:rgba(0, 0, 0, 0)\" class=\"has-inline-color has-black-color\">IVASS<\/mark><\/strong>, Via del Quirinale, 21 &#8211; 00187 Roma, fax\u00a006.42133206, PEC:\u00a0<a href=\"mailto:ivass@pec.ivass.it\">ivass@pec.ivass.it<\/a>, allegando la documentazione relativa.<\/p>\n\n\n\n<p><strong><mark style=\"background-color:rgba(0, 0, 0, 0)\" class=\"has-inline-color has-black-color\">All\u2019Autorit\u00e0 di Vigilanza dello Stato di origine delle Compagnie di assicurazione<\/mark><\/strong>: i reclami che possono essere indirizzati all&#8217;IVASS possono essere indirizzati all&#8217;Autorit\u00e0 di vigilanza dello Stato di origine delle compagnie di assicurazione secondo le modalit\u00e0 previste da detta autorit\u00e0.<\/p>\n\n\n\n<p><br>Di seguito i recapiti delle Autorit\u00e0 di Vigilanza dello Stato di origine delle Compagnie con cui ITALNEXT collabora:<br><br>&#8211; per le Imprese di Assicurazione con sede in\u00a0<strong><mark style=\"background-color:rgba(0, 0, 0, 0)\" class=\"has-inline-color has-black-color\">Germania<\/mark><\/strong>: Bundesanstalt f\u00fcr Finanzdienstleistungsaufsicht (Bafin), Graurheindorfer Str. 108, 53117 Bonn, Tel: 0049 (0)228 4108-0; email:\u00a0<a href=\"mailto:poststelle@bafin.de\" target=\"_blank\" rel=\"noreferrer noopener\">poststelle@bafin.de<\/a>; Sito internet:\u00a0<a href=\"https:\/\/www.bafin.de\/\" target=\"_blank\" rel=\"noreferrer noopener\">www.bafin.de<\/a>.<br><br>Per la risoluzione delle liti transfrontaliere (per tali intendendosi le controversie tra un Contraente di uno Stato membro ed un\u2019impresa di assicurazione avente sede legale in un altro Stato membro) \u00e8 anche possibile, in alternativa alla presentazione del reclamo all\u2019IVASS, rivolgersi direttamente all\u2019organismo estero competente &#8211; individuabile sul sito\u00a0<a href=\"https:\/\/www.ec.europa.eu\/fin-net\" target=\"_blank\" rel=\"noreferrer noopener\">www.ec.europa.eu\/fin-net<\/a>\u00a0&#8211; e chiedendo l\u2019attivazione della procedura FIN-NET.<br><br>In relazione alle controversie inerenti alla quantificazione dei danni e all&#8217;attribuzione della responsabilit\u00e0 si ricorda che permane la competenza esclusiva dell&#8217;autorit\u00e0 giudiziaria, oltre alla facolt\u00e0 di ricorrere a sistemi conciliativi, ove previsti.<br><br>\u00a0<\/p>\n\n\n\n<p><strong><mark style=\"background-color:rgba(0, 0, 0, 0)\" class=\"has-inline-color has-black-color\">3. Agli intermediari iscritti nel registro unico degli intermediari assicurativi di cui all\u2019art. 109 del D.Lgs n. 209\/2005 e agli intermediari iscritti nell\u2019elenco annesso<\/mark><\/strong>: ai suddetti intermediari possono essere indirizzati i reclami aventi ad oggetto il loro comportamento, incluso quello dei loro dipendenti e\/o collaboratori.<br><br>L\u2019impresa di assicurazione gestisce e risponde a tutti i reclami ad essa rivolti, compresi quelli inerenti i comportamenti dei propri agenti, inclusi quelli dei loro dipendenti e\/o collaboratori.<br><br>Gli agenti trasmettono senza ritardo all\u2019impresa i reclami ricevuti relativi al comportamento proprio o di un dipendente o collaboratore, dandone contestuale notizia al reclamante.<br><br>Le imprese garantiscono nella fase istruttoria il contraddittorio con l\u2019agente interessato. Fatto salvo l\u2019obbligo di trasmissione di cui al punto precedente, le imprese trasmettono il reclamo ricevuto all\u2019intermediario invitandolo a fornire entro 15 giorni la documentazione pertinente e ogni altra informazione ritenuta utile per la gestione del reclamo, nonch\u00e9 ad esprimere la propria posizione rispetto alla questione oggetto del reclamo stesso.<br><br>L\u2019intermediario \u00e8 in ogni caso posto tra i destinatari delle comunicazioni dell\u2019impresa al reclamante relative al reclamo stesso. Le imprese forniscono in ogni caso riscontro al reclamante entro 45 giorni dal ricevimento del reclamo, adottando un linguaggio semplice e facilmente comprensibile. Il termine \u00e8 sospeso per un massimo di 15 giorni per le integrazioni istruttorie di cui al punto precedente. Nel caso di mancato o parziale accoglimento del reclamo, le imprese forniscono al reclamante una chiara spiegazione della propria posizione e lo informano in merito alla possibilit\u00e0, prima di interessare l\u2019Autorit\u00e0 giudiziaria, di rivolgersi all\u2019IVASS o ai sistemi alternativi per la risoluzione delle controversie previsti a livello normativo o convenzionale, specificandone le modalit\u00e0. Nel riscontro al reclamo, le imprese preponenti danno conto della posizione assunta dall\u2019agente interessato ovvero della sua mancata risposta.<br><br>Di seguito i riferimenti per la presentazione di un Reclamo a\u00a0<strong><mark style=\"background-color:rgba(0, 0, 0, 0)\" class=\"has-inline-color has-black-color\">ITALNEXT S.r.l.<\/mark><\/strong>:<br><br>ITALNEXT S.r.l.<br>Via Ferrucci 2 \u2013 20145 Milano<br><strong>F:<\/strong>\u00a002.91430490 |\u00a0\u00a0<strong>E:<\/strong> <a href=\"mailto:info@italnext.it\">info@italnext.it<\/a> \u00a0|\u00a0\u00a0<strong>PEC:<\/strong><a href=\"mailto:italnextsrl@legalmail.it\">italnextsrl@legalmail.it<\/a><\/p>\n","protected":false},"excerpt":{"rendered":"<p>RECLAMI Cos\u2019\u00e8 un Reclamo? Ai sensi del Regolamento ISVAP (ora IVASS) n. 24 del 19 maggio 208 e successive integrazioni e modificazioni, il \u201cReclamo\u201d \u00e8 una dichiarazione di insoddisfazione in&#8230;<\/p>\n","protected":false},"author":2,"featured_media":0,"parent":0,"menu_order":0,"comment_status":"closed","ping_status":"closed","template":"","meta":{"_themeisle_gutenberg_block_has_review":false,"footnotes":""},"class_list":["post-1788","page","type-page","status-publish"],"yoast_head":"<!-- This site is optimized with the Yoast SEO plugin v23.8 - https:\/\/yoast.com\/wordpress\/plugins\/seo\/ -->\n<title>Gestione reclami - Plurima by Italnext<\/title>\n<meta name=\"robots\" content=\"index, follow, max-snippet:-1, max-image-preview:large, max-video-preview:-1\" \/>\n<link rel=\"canonical\" href=\"https:\/\/www.plurima.net\/index.php\/gestione-reclami\/\" \/>\n<meta property=\"og:locale\" content=\"it_IT\" \/>\n<meta property=\"og:type\" content=\"article\" \/>\n<meta property=\"og:title\" content=\"Gestione reclami - Plurima by Italnext\" \/>\n<meta property=\"og:description\" content=\"RECLAMI Cos\u2019\u00e8 un Reclamo? Ai sensi del Regolamento ISVAP (ora IVASS) n. 24 del 19 maggio 208 e successive integrazioni e modificazioni, il \u201cReclamo\u201d \u00e8 una dichiarazione di insoddisfazione in...\" \/>\n<meta property=\"og:url\" content=\"https:\/\/www.plurima.net\/index.php\/gestione-reclami\/\" \/>\n<meta property=\"og:site_name\" content=\"Plurima by Italnext\" \/>\n<meta property=\"article:modified_time\" content=\"2024-10-01T14:35:57+00:00\" \/>\n<meta name=\"twitter:card\" content=\"summary_large_image\" \/>\n<meta name=\"twitter:label1\" content=\"Tempo di lettura stimato\" \/>\n\t<meta name=\"twitter:data1\" content=\"6 minuti\" \/>\n<script type=\"application\/ld+json\" class=\"yoast-schema-graph\">{\"@context\":\"https:\/\/schema.org\",\"@graph\":[{\"@type\":\"WebPage\",\"@id\":\"https:\/\/www.plurima.net\/index.php\/gestione-reclami\/\",\"url\":\"https:\/\/www.plurima.net\/index.php\/gestione-reclami\/\",\"name\":\"Gestione reclami - Plurima by Italnext\",\"isPartOf\":{\"@id\":\"https:\/\/www.plurima.net\/#website\"},\"datePublished\":\"2024-09-30T15:36:26+00:00\",\"dateModified\":\"2024-10-01T14:35:57+00:00\",\"breadcrumb\":{\"@id\":\"https:\/\/www.plurima.net\/index.php\/gestione-reclami\/#breadcrumb\"},\"inLanguage\":\"it-IT\",\"potentialAction\":[{\"@type\":\"ReadAction\",\"target\":[\"https:\/\/www.plurima.net\/index.php\/gestione-reclami\/\"]}]},{\"@type\":\"BreadcrumbList\",\"@id\":\"https:\/\/www.plurima.net\/index.php\/gestione-reclami\/#breadcrumb\",\"itemListElement\":[{\"@type\":\"ListItem\",\"position\":1,\"name\":\"Home\",\"item\":\"https:\/\/www.plurima.net\/\"},{\"@type\":\"ListItem\",\"position\":2,\"name\":\"Gestione reclami\"}]},{\"@type\":\"WebSite\",\"@id\":\"https:\/\/www.plurima.net\/#website\",\"url\":\"https:\/\/www.plurima.net\/\",\"name\":\"Plurima by Italnext\",\"description\":\"Plurima Servizi Assicurativi\",\"publisher\":{\"@id\":\"https:\/\/www.plurima.net\/#organization\"},\"potentialAction\":[{\"@type\":\"SearchAction\",\"target\":{\"@type\":\"EntryPoint\",\"urlTemplate\":\"https:\/\/www.plurima.net\/?s={search_term_string}\"},\"query-input\":{\"@type\":\"PropertyValueSpecification\",\"valueRequired\":true,\"valueName\":\"search_term_string\"}}],\"inLanguage\":\"it-IT\"},{\"@type\":\"Organization\",\"@id\":\"https:\/\/www.plurima.net\/#organization\",\"name\":\"Plurima\",\"url\":\"https:\/\/www.plurima.net\/\",\"logo\":{\"@type\":\"ImageObject\",\"inLanguage\":\"it-IT\",\"@id\":\"https:\/\/www.plurima.net\/#\/schema\/logo\/image\/\",\"url\":\"http:\/\/www.plurima.net\/wp-content\/uploads\/2021\/11\/timiline.jpg\",\"contentUrl\":\"http:\/\/www.plurima.net\/wp-content\/uploads\/2021\/11\/timiline.jpg\",\"width\":500,\"height\":350,\"caption\":\"Plurima\"},\"image\":{\"@id\":\"https:\/\/www.plurima.net\/#\/schema\/logo\/image\/\"}}]}<\/script>\n<!-- \/ Yoast SEO plugin. -->","yoast_head_json":{"title":"Gestione reclami - Plurima by Italnext","robots":{"index":"index","follow":"follow","max-snippet":"max-snippet:-1","max-image-preview":"max-image-preview:large","max-video-preview":"max-video-preview:-1"},"canonical":"https:\/\/www.plurima.net\/index.php\/gestione-reclami\/","og_locale":"it_IT","og_type":"article","og_title":"Gestione reclami - Plurima by Italnext","og_description":"RECLAMI Cos\u2019\u00e8 un Reclamo? Ai sensi del Regolamento ISVAP (ora IVASS) n. 24 del 19 maggio 208 e successive integrazioni e modificazioni, il \u201cReclamo\u201d \u00e8 una dichiarazione di insoddisfazione in...","og_url":"https:\/\/www.plurima.net\/index.php\/gestione-reclami\/","og_site_name":"Plurima by Italnext","article_modified_time":"2024-10-01T14:35:57+00:00","twitter_card":"summary_large_image","twitter_misc":{"Tempo di lettura stimato":"6 minuti"},"schema":{"@context":"https:\/\/schema.org","@graph":[{"@type":"WebPage","@id":"https:\/\/www.plurima.net\/index.php\/gestione-reclami\/","url":"https:\/\/www.plurima.net\/index.php\/gestione-reclami\/","name":"Gestione reclami - Plurima by Italnext","isPartOf":{"@id":"https:\/\/www.plurima.net\/#website"},"datePublished":"2024-09-30T15:36:26+00:00","dateModified":"2024-10-01T14:35:57+00:00","breadcrumb":{"@id":"https:\/\/www.plurima.net\/index.php\/gestione-reclami\/#breadcrumb"},"inLanguage":"it-IT","potentialAction":[{"@type":"ReadAction","target":["https:\/\/www.plurima.net\/index.php\/gestione-reclami\/"]}]},{"@type":"BreadcrumbList","@id":"https:\/\/www.plurima.net\/index.php\/gestione-reclami\/#breadcrumb","itemListElement":[{"@type":"ListItem","position":1,"name":"Home","item":"https:\/\/www.plurima.net\/"},{"@type":"ListItem","position":2,"name":"Gestione reclami"}]},{"@type":"WebSite","@id":"https:\/\/www.plurima.net\/#website","url":"https:\/\/www.plurima.net\/","name":"Plurima by Italnext","description":"Plurima Servizi Assicurativi","publisher":{"@id":"https:\/\/www.plurima.net\/#organization"},"potentialAction":[{"@type":"SearchAction","target":{"@type":"EntryPoint","urlTemplate":"https:\/\/www.plurima.net\/?s={search_term_string}"},"query-input":{"@type":"PropertyValueSpecification","valueRequired":true,"valueName":"search_term_string"}}],"inLanguage":"it-IT"},{"@type":"Organization","@id":"https:\/\/www.plurima.net\/#organization","name":"Plurima","url":"https:\/\/www.plurima.net\/","logo":{"@type":"ImageObject","inLanguage":"it-IT","@id":"https:\/\/www.plurima.net\/#\/schema\/logo\/image\/","url":"http:\/\/www.plurima.net\/wp-content\/uploads\/2021\/11\/timiline.jpg","contentUrl":"http:\/\/www.plurima.net\/wp-content\/uploads\/2021\/11\/timiline.jpg","width":500,"height":350,"caption":"Plurima"},"image":{"@id":"https:\/\/www.plurima.net\/#\/schema\/logo\/image\/"}}]}},"_links":{"self":[{"href":"https:\/\/www.plurima.net\/index.php\/wp-json\/wp\/v2\/pages\/1788"}],"collection":[{"href":"https:\/\/www.plurima.net\/index.php\/wp-json\/wp\/v2\/pages"}],"about":[{"href":"https:\/\/www.plurima.net\/index.php\/wp-json\/wp\/v2\/types\/page"}],"author":[{"embeddable":true,"href":"https:\/\/www.plurima.net\/index.php\/wp-json\/wp\/v2\/users\/2"}],"replies":[{"embeddable":true,"href":"https:\/\/www.plurima.net\/index.php\/wp-json\/wp\/v2\/comments?post=1788"}],"version-history":[{"count":5,"href":"https:\/\/www.plurima.net\/index.php\/wp-json\/wp\/v2\/pages\/1788\/revisions"}],"predecessor-version":[{"id":1814,"href":"https:\/\/www.plurima.net\/index.php\/wp-json\/wp\/v2\/pages\/1788\/revisions\/1814"}],"wp:attachment":[{"href":"https:\/\/www.plurima.net\/index.php\/wp-json\/wp\/v2\/media?parent=1788"}],"curies":[{"name":"wp","href":"https:\/\/api.w.org\/{rel}","templated":true}]}}