{"id":1825,"date":"2025-01-31T11:58:30","date_gmt":"2025-01-31T10:58:30","guid":{"rendered":"https:\/\/www.plurima.net\/?page_id=1825"},"modified":"2025-01-31T12:03:19","modified_gmt":"2025-01-31T11:03:19","slug":"whistleblowing","status":"publish","type":"page","link":"https:\/\/www.plurima.net\/index.php\/whistleblowing\/","title":{"rendered":"Whistleblowing"},"content":{"rendered":"\n<h2 class=\"wp-block-heading\">Whistleblowing<\/h2>\n\n\n\n<p>Reale Group, nel perseguimento dei propri obiettivi, \u00e8 impegnato a contrastare ogni eventuale comportamento che costituisca una violazione di disposizioni normative nazionali o dell\u2019Unione europea che ledono l\u2019interesse o l\u2019integrit\u00e0 della Societ\u00e0.<\/p>\n\n\n\n<p>A tal fine, Italnext ha approvato il proprio \u201c<em>Sistema di gestione di segnalazione delle violazioni<\/em>\u201d ex D.lgs. n. 24\/2023, strumento rivolto ai dipendenti e agli stakeholders e descritto nella specifica procedura, che permette la segnalazione di potenziali violazioni per attuare concretamente i principi di trasparenza e legalit\u00e0 su cui si fonda l\u2019agire etico del Gruppo e delle Societ\u00e0 che lo compongono.<\/p>\n\n\n\n<p>Tale sistema, definito in attuazione della Direttiva UE 1937\/2019 e nel rispetto del D.lgs. n. 24\/2023, prevede la possibilit\u00e0 di effettuare una segnalazione tramite una piattaforma informatica dedicata, accessibile attraverso il seguente link:<\/p>\n\n\n\n<p><\/p>\n\n\n\n<p class=\"has-text-align-center\"><a href=\"https:\/\/italnext.segnalazioni.net\">https:\/\/italnext.segnalazioni.net<\/a><\/p>\n\n\n\n<p><\/p>\n\n\n\n<p>all\u2019interno della quale \u00e8 possibile consultare la Procedura per la presentazione e la gestione delle segnalazioni di violazioni ex D.lgs. n. 24\/2023.<\/p>\n\n\n\n<p>Italnext ha affidato il ruolo di Gestore del Canale di Segnalazione Interna (GCSI), come previsto dalla normativa, al Titolare, pro tempore, della Funzione di Internal Audit della Societ\u00e0 controllante Italiana Assicurazioni, in quanto soggetto dotato dell\u2019autonomia, imparzialit\u00e0 e indipendenza richieste dalla norma, nonch\u00e9 delle conoscenze tecniche, organizzative e della struttura aziendale, che permettono una gestione appropriata delle segnalazioni e delle attivit\u00e0 connesse.<\/p>\n\n\n\n<p>Al GCSI \u00e8 attribuita la responsabilit\u00e0 delle attivit\u00e0 previste dal Decreto, da svolgersi con diligenza e tempestivit\u00e0; nello svolgimento dei propri compiti, il GCSI pu\u00f2 avvalersi del personale della funzione di Internal Audit della controllante, specificamente formato. Per gli approfondimenti e il supporto necessari nella fase di indagine, il GCSI pu\u00f2 richiedere la collaborazione delle funzioni aziendali\/di Gruppo competenti sui temi oggetto della segnalazione.<\/p>\n","protected":false},"excerpt":{"rendered":"<p>Whistleblowing Reale Group, nel perseguimento dei propri obiettivi, \u00e8 impegnato a contrastare ogni eventuale comportamento che costituisca una violazione di disposizioni normative nazionali o dell\u2019Unione europea che ledono l\u2019interesse o&#8230;<\/p>\n","protected":false},"author":2,"featured_media":0,"parent":0,"menu_order":0,"comment_status":"closed","ping_status":"closed","template":"","meta":{"_themeisle_gutenberg_block_has_review":false,"footnotes":""},"class_list":["post-1825","page","type-page","status-publish"],"yoast_head":"<!-- This site is optimized with the Yoast SEO plugin v23.8 - https:\/\/yoast.com\/wordpress\/plugins\/seo\/ -->\n<title>Whistleblowing - Plurima by Italnext<\/title>\n<meta name=\"robots\" content=\"index, follow, max-snippet:-1, max-image-preview:large, max-video-preview:-1\" \/>\n<link rel=\"canonical\" href=\"https:\/\/www.plurima.net\/index.php\/whistleblowing\/\" \/>\n<meta property=\"og:locale\" content=\"it_IT\" \/>\n<meta property=\"og:type\" content=\"article\" \/>\n<meta property=\"og:title\" content=\"Whistleblowing - Plurima by Italnext\" \/>\n<meta property=\"og:description\" content=\"Whistleblowing Reale Group, nel perseguimento dei propri obiettivi, \u00e8 impegnato a contrastare ogni eventuale comportamento che costituisca una violazione di disposizioni normative nazionali o dell\u2019Unione europea che ledono l\u2019interesse o...\" \/>\n<meta property=\"og:url\" content=\"https:\/\/www.plurima.net\/index.php\/whistleblowing\/\" \/>\n<meta property=\"og:site_name\" content=\"Plurima by Italnext\" \/>\n<meta property=\"article:modified_time\" content=\"2025-01-31T11:03:19+00:00\" \/>\n<meta name=\"twitter:card\" content=\"summary_large_image\" \/>\n<meta name=\"twitter:label1\" content=\"Tempo di lettura stimato\" \/>\n\t<meta name=\"twitter:data1\" content=\"2 minuti\" \/>\n<script type=\"application\/ld+json\" class=\"yoast-schema-graph\">{\"@context\":\"https:\/\/schema.org\",\"@graph\":[{\"@type\":\"WebPage\",\"@id\":\"https:\/\/www.plurima.net\/index.php\/whistleblowing\/\",\"url\":\"https:\/\/www.plurima.net\/index.php\/whistleblowing\/\",\"name\":\"Whistleblowing - Plurima by Italnext\",\"isPartOf\":{\"@id\":\"https:\/\/www.plurima.net\/#website\"},\"datePublished\":\"2025-01-31T10:58:30+00:00\",\"dateModified\":\"2025-01-31T11:03:19+00:00\",\"breadcrumb\":{\"@id\":\"https:\/\/www.plurima.net\/index.php\/whistleblowing\/#breadcrumb\"},\"inLanguage\":\"it-IT\",\"potentialAction\":[{\"@type\":\"ReadAction\",\"target\":[\"https:\/\/www.plurima.net\/index.php\/whistleblowing\/\"]}]},{\"@type\":\"BreadcrumbList\",\"@id\":\"https:\/\/www.plurima.net\/index.php\/whistleblowing\/#breadcrumb\",\"itemListElement\":[{\"@type\":\"ListItem\",\"position\":1,\"name\":\"Home\",\"item\":\"https:\/\/www.plurima.net\/\"},{\"@type\":\"ListItem\",\"position\":2,\"name\":\"Whistleblowing\"}]},{\"@type\":\"WebSite\",\"@id\":\"https:\/\/www.plurima.net\/#website\",\"url\":\"https:\/\/www.plurima.net\/\",\"name\":\"Plurima by Italnext\",\"description\":\"Plurima Servizi Assicurativi\",\"publisher\":{\"@id\":\"https:\/\/www.plurima.net\/#organization\"},\"potentialAction\":[{\"@type\":\"SearchAction\",\"target\":{\"@type\":\"EntryPoint\",\"urlTemplate\":\"https:\/\/www.plurima.net\/?s={search_term_string}\"},\"query-input\":{\"@type\":\"PropertyValueSpecification\",\"valueRequired\":true,\"valueName\":\"search_term_string\"}}],\"inLanguage\":\"it-IT\"},{\"@type\":\"Organization\",\"@id\":\"https:\/\/www.plurima.net\/#organization\",\"name\":\"Plurima\",\"url\":\"https:\/\/www.plurima.net\/\",\"logo\":{\"@type\":\"ImageObject\",\"inLanguage\":\"it-IT\",\"@id\":\"https:\/\/www.plurima.net\/#\/schema\/logo\/image\/\",\"url\":\"http:\/\/www.plurima.net\/wp-content\/uploads\/2021\/11\/timiline.jpg\",\"contentUrl\":\"http:\/\/www.plurima.net\/wp-content\/uploads\/2021\/11\/timiline.jpg\",\"width\":500,\"height\":350,\"caption\":\"Plurima\"},\"image\":{\"@id\":\"https:\/\/www.plurima.net\/#\/schema\/logo\/image\/\"}}]}<\/script>\n<!-- \/ Yoast SEO plugin. -->","yoast_head_json":{"title":"Whistleblowing - Plurima by Italnext","robots":{"index":"index","follow":"follow","max-snippet":"max-snippet:-1","max-image-preview":"max-image-preview:large","max-video-preview":"max-video-preview:-1"},"canonical":"https:\/\/www.plurima.net\/index.php\/whistleblowing\/","og_locale":"it_IT","og_type":"article","og_title":"Whistleblowing - Plurima by Italnext","og_description":"Whistleblowing Reale Group, nel perseguimento dei propri obiettivi, \u00e8 impegnato a contrastare ogni eventuale comportamento che costituisca una violazione di disposizioni normative nazionali o dell\u2019Unione europea che ledono l\u2019interesse o...","og_url":"https:\/\/www.plurima.net\/index.php\/whistleblowing\/","og_site_name":"Plurima by Italnext","article_modified_time":"2025-01-31T11:03:19+00:00","twitter_card":"summary_large_image","twitter_misc":{"Tempo di lettura stimato":"2 minuti"},"schema":{"@context":"https:\/\/schema.org","@graph":[{"@type":"WebPage","@id":"https:\/\/www.plurima.net\/index.php\/whistleblowing\/","url":"https:\/\/www.plurima.net\/index.php\/whistleblowing\/","name":"Whistleblowing - Plurima by Italnext","isPartOf":{"@id":"https:\/\/www.plurima.net\/#website"},"datePublished":"2025-01-31T10:58:30+00:00","dateModified":"2025-01-31T11:03:19+00:00","breadcrumb":{"@id":"https:\/\/www.plurima.net\/index.php\/whistleblowing\/#breadcrumb"},"inLanguage":"it-IT","potentialAction":[{"@type":"ReadAction","target":["https:\/\/www.plurima.net\/index.php\/whistleblowing\/"]}]},{"@type":"BreadcrumbList","@id":"https:\/\/www.plurima.net\/index.php\/whistleblowing\/#breadcrumb","itemListElement":[{"@type":"ListItem","position":1,"name":"Home","item":"https:\/\/www.plurima.net\/"},{"@type":"ListItem","position":2,"name":"Whistleblowing"}]},{"@type":"WebSite","@id":"https:\/\/www.plurima.net\/#website","url":"https:\/\/www.plurima.net\/","name":"Plurima by Italnext","description":"Plurima Servizi Assicurativi","publisher":{"@id":"https:\/\/www.plurima.net\/#organization"},"potentialAction":[{"@type":"SearchAction","target":{"@type":"EntryPoint","urlTemplate":"https:\/\/www.plurima.net\/?s={search_term_string}"},"query-input":{"@type":"PropertyValueSpecification","valueRequired":true,"valueName":"search_term_string"}}],"inLanguage":"it-IT"},{"@type":"Organization","@id":"https:\/\/www.plurima.net\/#organization","name":"Plurima","url":"https:\/\/www.plurima.net\/","logo":{"@type":"ImageObject","inLanguage":"it-IT","@id":"https:\/\/www.plurima.net\/#\/schema\/logo\/image\/","url":"http:\/\/www.plurima.net\/wp-content\/uploads\/2021\/11\/timiline.jpg","contentUrl":"http:\/\/www.plurima.net\/wp-content\/uploads\/2021\/11\/timiline.jpg","width":500,"height":350,"caption":"Plurima"},"image":{"@id":"https:\/\/www.plurima.net\/#\/schema\/logo\/image\/"}}]}},"_links":{"self":[{"href":"https:\/\/www.plurima.net\/index.php\/wp-json\/wp\/v2\/pages\/1825"}],"collection":[{"href":"https:\/\/www.plurima.net\/index.php\/wp-json\/wp\/v2\/pages"}],"about":[{"href":"https:\/\/www.plurima.net\/index.php\/wp-json\/wp\/v2\/types\/page"}],"author":[{"embeddable":true,"href":"https:\/\/www.plurima.net\/index.php\/wp-json\/wp\/v2\/users\/2"}],"replies":[{"embeddable":true,"href":"https:\/\/www.plurima.net\/index.php\/wp-json\/wp\/v2\/comments?post=1825"}],"version-history":[{"count":5,"href":"https:\/\/www.plurima.net\/index.php\/wp-json\/wp\/v2\/pages\/1825\/revisions"}],"predecessor-version":[{"id":1832,"href":"https:\/\/www.plurima.net\/index.php\/wp-json\/wp\/v2\/pages\/1825\/revisions\/1832"}],"wp:attachment":[{"href":"https:\/\/www.plurima.net\/index.php\/wp-json\/wp\/v2\/media?parent=1825"}],"curies":[{"name":"wp","href":"https:\/\/api.w.org\/{rel}","templated":true}]}}