{"id":220,"date":"2021-10-20T11:22:52","date_gmt":"2021-10-20T09:22:52","guid":{"rendered":"https:\/\/www.plurima.net\/index.php\/gestione-reclami-copy\/"},"modified":"2024-09-30T18:34:24","modified_gmt":"2024-09-30T16:34:24","slug":"privacy-policy","status":"publish","type":"page","link":"https:\/\/www.plurima.net\/index.php\/privacy-policy\/","title":{"rendered":"Privacy Policy"},"content":{"rendered":"[vc_row type=&#8221;in_container&#8221; full_screen_row_position=&#8221;middle&#8221; column_margin=&#8221;default&#8221; column_direction=&#8221;default&#8221; column_direction_tablet=&#8221;default&#8221; column_direction_phone=&#8221;default&#8221; scene_position=&#8221;center&#8221; top_padding=&#8221;5%&#8221; constrain_group_1=&#8221;yes&#8221; bottom_padding=&#8221;5%&#8221; text_color=&#8221;dark&#8221; text_align=&#8221;left&#8221; row_border_radius=&#8221;none&#8221; row_border_radius_applies=&#8221;bg&#8221; overlay_strength=&#8221;0.3&#8243; gradient_direction=&#8221;left_to_right&#8221; shape_divider_position=&#8221;bottom&#8221; bg_image_animation=&#8221;none&#8221; shape_type=&#8221;&#8221;][vc_column column_padding=&#8221;no-extra-padding&#8221; column_padding_tablet=&#8221;inherit&#8221; column_padding_phone=&#8221;inherit&#8221; column_padding_position=&#8221;all&#8221; column_element_spacing=&#8221;default&#8221; background_color_opacity=&#8221;1&#8243; background_hover_color_opacity=&#8221;1&#8243; column_shadow=&#8221;none&#8221; column_border_radius=&#8221;none&#8221; column_link_target=&#8221;_self&#8221; gradient_direction=&#8221;left_to_right&#8221; overlay_strength=&#8221;0.3&#8243; width=&#8221;1\/1&#8243; tablet_width_inherit=&#8221;default&#8221; tablet_text_alignment=&#8221;default&#8221; phone_text_alignment=&#8221;default&#8221; bg_image_animation=&#8221;none&#8221; border_type=&#8221;simple&#8221; column_border_width=&#8221;none&#8221; column_border_style=&#8221;solid&#8221;][vc_row_inner column_margin=&#8221;default&#8221; column_direction=&#8221;default&#8221; column_direction_tablet=&#8221;default&#8221; column_direction_phone=&#8221;default&#8221; text_align=&#8221;left&#8221;][vc_column_inner column_padding=&#8221;no-extra-padding&#8221; column_padding_tablet=&#8221;inherit&#8221; column_padding_phone=&#8221;inherit&#8221; column_padding_position=&#8221;all&#8221; column_element_spacing=&#8221;default&#8221; background_color_opacity=&#8221;1&#8243; background_hover_color_opacity=&#8221;1&#8243; column_shadow=&#8221;none&#8221; column_border_radius=&#8221;none&#8221; column_link_target=&#8221;_self&#8221; gradient_direction=&#8221;left_to_right&#8221; overlay_strength=&#8221;0.3&#8243; width=&#8221;1\/1&#8243; tablet_width_inherit=&#8221;default&#8221; bg_image_animation=&#8221;none&#8221; border_type=&#8221;simple&#8221; column_border_width=&#8221;none&#8221; column_border_style=&#8221;solid&#8221;][vc_column_text]\n<p align=\"justify\"><span style=\"font-size: medium;\">Ed. Settembre 2024<\/span><\/p>\n<h3 align=\"justify\"><a name=\"_Hlk177570235\"><\/a> <strong><span style=\"font-size: medium;\"><i>Informativa resa ai sensi degli artt. 13 e 14 del Regolamento (UE) 2016\/679 (Regolamento generale sulla protezione dei dati) \u2013 Trattamento dati personali dell\u2019intermediario &#8211; Sito web <\/i><\/span><span style=\"color: #004b9b;\"><a href=\"http:\/\/www.plurima.net\/\"><span style=\"font-size: medium;\"><i>www.plurima.net<\/i><\/span><\/a><\/span><span style=\"font-size: medium;\"><i> .<\/i><\/span><\/strong><\/h3>\n<p align=\"justify\"><span style=\"font-size: medium;\"><u>In questa pagina si descrivono le modalit\u00e0 di gestione del sito web www.plurima.net (di seguito \u201cSito\u201d) in relazione al trattamento dei dati personali degli utenti che lo consultano. L\u2019informativa \u00e8 resa solo per questo Sito e non anche per altri siti web eventualmente consultabili dall\u2019utente tramite link. Le condizioni di seguito riportate sono suscettibili di essere modificate nel tempo e, di conseguenza, aggiornate in qualsiasi momento.<\/u><\/span><\/p>\n<p align=\"justify\"><span style=\"color: #464646;\">\u00a0<\/span><\/p>\n<p align=\"justify\"><span style=\"color: #004b9b;\">\u200b\u200b\u200b<\/span><span style=\"color: #004b9b;\"><span style=\"font-size: medium;\"><b>1<\/b><\/span><\/span><span style=\"color: #1f497d;\"><span style=\"font-size: medium;\"><b>.<\/b><\/span><\/span><span style=\"color: #1f497d;\"><span style=\"font-size: medium;\"><b> Acquisizione dei dati personali dell\u2019utente<\/b><\/span><\/span><\/p>\n<p align=\"justify\"><span style=\"font-size: medium;\">Il trattamento dei dati personali forniti direttamente dall\u2019utente \u00e8 finalizzato all\u2019esecuzione dei servizi richiesti e delle funzionalit\u00e0 previste all\u2019interno del Sito. <\/span><\/p>\n<p align=\"justify\"><span style=\"color: #666666;\"><span style=\"font-family: Open Sans, serif;\"><br \/>\n<\/span><\/span><span style=\"color: #1f497d;\"><span style=\"font-size: medium;\"><b>2. FACOLTATIVITA&#8217; DEL CONFERIMENTO DEI DATI<\/b><\/span><\/span><\/p>\n<p align=\"justify\"><span style=\"font-size: medium;\">A parte quanto specificato per i dati di navigazione,\u00a0l\u2019utente \u00e8 libero di fornire i propri dati personali, ma il loro mancato conferimento potrebbe comportare l\u2019impossibilit\u00e0 di erogare i servizi richiesti e le funzionalit\u00e0 previste all\u2019interno del Sito. <\/span><\/p>\n<p align=\"justify\"><span style=\"color: #1f497d;\"><span style=\"font-size: medium;\"><b>3. Modalit\u00e0 del trattamento <\/b><\/span><\/span><\/p>\n<p align=\"justify\"><span style=\"color: #464646;\">\u200b<\/span><span style=\"font-size: medium;\">Il trattamento dei dati personali dell\u2019utente avverr\u00e0 in modo tale da assicurare la riservatezza e garantire all\u2019interessato la possibilit\u00e0 di far valere i propri diritti e sar\u00e0 effettuato con modalit\u00e0 e procedure che comportano anche l&#8217;ausilio di mezzi elettronici o comunque automatizzati, nonch\u00e9 l&#8217;impiego di algoritmi dedicati, al fine di soddisfare quanto richiesto dall\u2019interessato o in suo favore previsto. I dati saranno trattati da tutti i dipendenti e collaboratori del Gruppo Reale Mutua in qualit\u00e0 di Responsabili o di Incaricati, nell\u2019ambito delle rispettive funzioni e in conformit\u00e0 delle istruzioni ricevute, sempre e solo per il conseguimento delle specifiche finalit\u00e0 indicate nella presente informativa e in osservanza alle disposizioni di legge vigenti. Per taluni servizi, inoltre, la Societ\u00e0 si potr\u00e0 avvalere di soggetti terzi che svolgono per conto e secondo le istruzioni della Societ\u00e0 stessa, in Italia o all\u2019estero, attivit\u00e0 di natura tecnica, organizzativa e operativa. \u200b I dati saranno conservati per un periodo congruo con le finalit\u00e0 per cui sono raccolti. <\/span><\/p>\n<p align=\"justify\"><span style=\"color: #1f497d;\"><span style=\"font-size: medium;\"><b>4. Comunicazione dei dati a soggetti terzi \u200b<\/b><\/span><\/span><\/p>\n<p align=\"justify\"><span style=\"font-size: medium;\">I dati personali dell\u2019utente potranno essere comunicati a soggetti terzi, con funzione meramente gestionale ed organizzativa, che potrebbero operare anche in qualit\u00e0 di autonomi titolari. I dati personali non saranno soggetti a diffusione. \u00a0\u200b<\/span><\/p>\n<p align=\"justify\"><span style=\"font-size: medium;\"><br \/>\n<\/span><span style=\"color: #1f497d;\"><span style=\"font-size: medium;\"><b>5. Trasferimento dei dati all\u2019estero\u00a0<\/b><\/span><\/span><\/p>\n<p align=\"justify\"><span style=\"font-size: medium;\">In casi eccezionali i dati personali dell\u2019utente potranno essere trasferiti in Paesi al di fuori dello Spazio Economico Europeo (SEE), sempre nell&#8217;ambito delle finalit\u00e0 indicate nella presente informativa e nel rispetto delle norme e degli accordi internazionali vigenti. In tale eventualit\u00e0 il trasferimento avverr\u00e0 sulla base delle ipotesi previste dalla vigente normativa, tra cui l\u2019utilizzo di regole aziendali vincolanti (cd. BCR \u2013 Binding Corporate Rules), l\u2019applicazione di clausole contrattuali standard definite dalla Commissione Europea o a seguito di un giudizio preventivo di adeguatezza del sistema di protezione dei dati personali del Paese importatore dei dati.<\/span><\/p>\n<p align=\"justify\"><span style=\"color: #666666;\"><span style=\"font-family: Open Sans, serif;\"><br \/>\n<\/span><\/span><span style=\"color: #1f497d;\"><span style=\"font-size: medium;\"><b>6. Diritti dell\u2019interessato\u00a0(aRTT. 12-23 del Regolamento)<\/b><\/span><\/span><\/p>\n<p align=\"justify\"><span style=\"font-size: medium;\">L\u2019utente ha il diritto di conoscere, in ogni momento, quali siano i suoi dati presso la nostra Societ\u00e0, la loro origine e come vengano trattati; ha inoltre il diritto, se ne ricorrano i presupposti di legge, di farli aggiornare, integrare, rettificare o cancellare, di riceverne copia in un formato strutturato, di chiederne il blocco e di opporsi in ogni momento al loro trattamento secondo le modalit\u00e0 previste dal Regolamento UE e di ricevere tempestivo riscontro in proposito. Ha altres\u00ec diritto, quando ricorrano i presupposti, di rivolgersi all&#8217;Autorit\u00e0 Garante per la protezione dei dati personali. Per l&#8217;esercizio dei diritti, nonch\u00e9 per assumere informazioni pi\u00f9 dettagliate circa i soggetti o le categorie di soggetti ai quali i dati sono comunicati o che ne vengono a conoscenza, l\u2019utente potr\u00e0 rivolgersi a <\/span><span style=\"color: #004b9b;\"><a href=\"mailto:info@italnext.it\">info@italnext.it<\/a> <\/span><span style=\"color: #004b9b;\"><span style=\"color: #000000;\">.<\/span><\/span><\/p>\n<p align=\"justify\"><span style=\"color: #666666;\"><span style=\"font-family: Open Sans, serif;\"><br \/>\n<\/span><\/span><span style=\"color: #1f497d;\"><span style=\"font-size: medium;\"><b>7. Titolare del trattamento<\/b><\/span><\/span><\/p>\n<p><span style=\"font-size: medium;\">Titolare del trattamento: Italnext S.r.l. &#8211; Via Francesco Ferrucci 2 \u2013 20145 Milano; E-mail <\/span><span style=\"color: #004b9b;\"><span style=\"font-size: medium;\"><a href=\"mailto:info@italnext.it\">info@italnext.it<\/a> <\/span><\/span><span style=\"color: #004b9b;\"><span style=\"color: #000000;\"><span style=\"font-size: medium;\">.<\/span><\/span><\/span>[\/vc_column_text][\/vc_column_inner][\/vc_row_inner][\/vc_column][\/vc_row]\n","protected":false},"excerpt":{"rendered":"<p>[vc_row type=&#8221;in_container&#8221; full_screen_row_position=&#8221;middle&#8221; column_margin=&#8221;default&#8221; column_direction=&#8221;default&#8221; column_direction_tablet=&#8221;default&#8221; column_direction_phone=&#8221;default&#8221; scene_position=&#8221;center&#8221; top_padding=&#8221;5%&#8221; constrain_group_1=&#8221;yes&#8221; bottom_padding=&#8221;5%&#8221; text_color=&#8221;dark&#8221; text_align=&#8221;left&#8221; row_border_radius=&#8221;none&#8221; row_border_radius_applies=&#8221;bg&#8221; overlay_strength=&#8221;0.3&#8243; gradient_direction=&#8221;left_to_right&#8221; shape_divider_position=&#8221;bottom&#8221; bg_image_animation=&#8221;none&#8221; shape_type=&#8221;&#8221;][vc_column column_padding=&#8221;no-extra-padding&#8221; column_padding_tablet=&#8221;inherit&#8221; column_padding_phone=&#8221;inherit&#8221; column_padding_position=&#8221;all&#8221; column_element_spacing=&#8221;default&#8221; background_color_opacity=&#8221;1&#8243; background_hover_color_opacity=&#8221;1&#8243; column_shadow=&#8221;none&#8221; column_border_radius=&#8221;none&#8221; column_link_target=&#8221;_self&#8221;&#8230;<\/p>\n","protected":false},"author":2,"featured_media":0,"parent":0,"menu_order":0,"comment_status":"closed","ping_status":"closed","template":"","meta":{"_themeisle_gutenberg_block_has_review":false,"footnotes":""},"class_list":["post-220","page","type-page","status-publish"],"yoast_head":"<!-- This site is optimized with the Yoast SEO plugin v23.8 - https:\/\/yoast.com\/wordpress\/plugins\/seo\/ -->\n<title>Privacy Policy - Plurima by Italnext<\/title>\n<meta name=\"robots\" content=\"index, follow, max-snippet:-1, max-image-preview:large, max-video-preview:-1\" \/>\n<link rel=\"canonical\" href=\"https:\/\/www.plurima.net\/index.php\/privacy-policy\/\" \/>\n<meta property=\"og:locale\" content=\"it_IT\" \/>\n<meta property=\"og:type\" content=\"article\" \/>\n<meta property=\"og:title\" content=\"Privacy Policy - Plurima by Italnext\" \/>\n<meta property=\"og:description\" content=\"[vc_row type=&#8221;in_container&#8221; full_screen_row_position=&#8221;middle&#8221; column_margin=&#8221;default&#8221; column_direction=&#8221;default&#8221; column_direction_tablet=&#8221;default&#8221; column_direction_phone=&#8221;default&#8221; scene_position=&#8221;center&#8221; top_padding=&#8221;5%&#8221; constrain_group_1=&#8221;yes&#8221; bottom_padding=&#8221;5%&#8221; text_color=&#8221;dark&#8221; text_align=&#8221;left&#8221; row_border_radius=&#8221;none&#8221; row_border_radius_applies=&#8221;bg&#8221; overlay_strength=&#8221;0.3&#8243; gradient_direction=&#8221;left_to_right&#8221; shape_divider_position=&#8221;bottom&#8221; bg_image_animation=&#8221;none&#8221; shape_type=&#8221;&#8221;][vc_column column_padding=&#8221;no-extra-padding&#8221; column_padding_tablet=&#8221;inherit&#8221; column_padding_phone=&#8221;inherit&#8221; column_padding_position=&#8221;all&#8221; column_element_spacing=&#8221;default&#8221; background_color_opacity=&#8221;1&#8243; background_hover_color_opacity=&#8221;1&#8243; column_shadow=&#8221;none&#8221; column_border_radius=&#8221;none&#8221; column_link_target=&#8221;_self&#8221;...\" \/>\n<meta property=\"og:url\" content=\"https:\/\/www.plurima.net\/index.php\/privacy-policy\/\" \/>\n<meta property=\"og:site_name\" content=\"Plurima by Italnext\" \/>\n<meta property=\"article:modified_time\" content=\"2024-09-30T16:34:24+00:00\" \/>\n<meta name=\"twitter:card\" content=\"summary_large_image\" \/>\n<meta name=\"twitter:label1\" content=\"Tempo di lettura stimato\" \/>\n\t<meta name=\"twitter:data1\" content=\"4 minuti\" \/>\n<script type=\"application\/ld+json\" class=\"yoast-schema-graph\">{\"@context\":\"https:\/\/schema.org\",\"@graph\":[{\"@type\":\"WebPage\",\"@id\":\"https:\/\/www.plurima.net\/index.php\/privacy-policy\/\",\"url\":\"https:\/\/www.plurima.net\/index.php\/privacy-policy\/\",\"name\":\"Privacy Policy - Plurima by Italnext\",\"isPartOf\":{\"@id\":\"https:\/\/www.plurima.net\/#website\"},\"datePublished\":\"2021-10-20T09:22:52+00:00\",\"dateModified\":\"2024-09-30T16:34:24+00:00\",\"breadcrumb\":{\"@id\":\"https:\/\/www.plurima.net\/index.php\/privacy-policy\/#breadcrumb\"},\"inLanguage\":\"it-IT\",\"potentialAction\":[{\"@type\":\"ReadAction\",\"target\":[\"https:\/\/www.plurima.net\/index.php\/privacy-policy\/\"]}]},{\"@type\":\"BreadcrumbList\",\"@id\":\"https:\/\/www.plurima.net\/index.php\/privacy-policy\/#breadcrumb\",\"itemListElement\":[{\"@type\":\"ListItem\",\"position\":1,\"name\":\"Home\",\"item\":\"https:\/\/www.plurima.net\/\"},{\"@type\":\"ListItem\",\"position\":2,\"name\":\"Privacy Policy\"}]},{\"@type\":\"WebSite\",\"@id\":\"https:\/\/www.plurima.net\/#website\",\"url\":\"https:\/\/www.plurima.net\/\",\"name\":\"Plurima by Italnext\",\"description\":\"Plurima Servizi Assicurativi\",\"publisher\":{\"@id\":\"https:\/\/www.plurima.net\/#organization\"},\"potentialAction\":[{\"@type\":\"SearchAction\",\"target\":{\"@type\":\"EntryPoint\",\"urlTemplate\":\"https:\/\/www.plurima.net\/?s={search_term_string}\"},\"query-input\":{\"@type\":\"PropertyValueSpecification\",\"valueRequired\":true,\"valueName\":\"search_term_string\"}}],\"inLanguage\":\"it-IT\"},{\"@type\":\"Organization\",\"@id\":\"https:\/\/www.plurima.net\/#organization\",\"name\":\"Plurima\",\"url\":\"https:\/\/www.plurima.net\/\",\"logo\":{\"@type\":\"ImageObject\",\"inLanguage\":\"it-IT\",\"@id\":\"https:\/\/www.plurima.net\/#\/schema\/logo\/image\/\",\"url\":\"http:\/\/www.plurima.net\/wp-content\/uploads\/2021\/11\/timiline.jpg\",\"contentUrl\":\"http:\/\/www.plurima.net\/wp-content\/uploads\/2021\/11\/timiline.jpg\",\"width\":500,\"height\":350,\"caption\":\"Plurima\"},\"image\":{\"@id\":\"https:\/\/www.plurima.net\/#\/schema\/logo\/image\/\"}}]}<\/script>\n<!-- \/ Yoast SEO plugin. -->","yoast_head_json":{"title":"Privacy Policy - Plurima by Italnext","robots":{"index":"index","follow":"follow","max-snippet":"max-snippet:-1","max-image-preview":"max-image-preview:large","max-video-preview":"max-video-preview:-1"},"canonical":"https:\/\/www.plurima.net\/index.php\/privacy-policy\/","og_locale":"it_IT","og_type":"article","og_title":"Privacy Policy - Plurima by Italnext","og_description":"[vc_row type=&#8221;in_container&#8221; full_screen_row_position=&#8221;middle&#8221; column_margin=&#8221;default&#8221; column_direction=&#8221;default&#8221; column_direction_tablet=&#8221;default&#8221; column_direction_phone=&#8221;default&#8221; scene_position=&#8221;center&#8221; top_padding=&#8221;5%&#8221; constrain_group_1=&#8221;yes&#8221; bottom_padding=&#8221;5%&#8221; text_color=&#8221;dark&#8221; text_align=&#8221;left&#8221; row_border_radius=&#8221;none&#8221; row_border_radius_applies=&#8221;bg&#8221; overlay_strength=&#8221;0.3&#8243; gradient_direction=&#8221;left_to_right&#8221; shape_divider_position=&#8221;bottom&#8221; bg_image_animation=&#8221;none&#8221; shape_type=&#8221;&#8221;][vc_column column_padding=&#8221;no-extra-padding&#8221; column_padding_tablet=&#8221;inherit&#8221; column_padding_phone=&#8221;inherit&#8221; column_padding_position=&#8221;all&#8221; column_element_spacing=&#8221;default&#8221; background_color_opacity=&#8221;1&#8243; background_hover_color_opacity=&#8221;1&#8243; column_shadow=&#8221;none&#8221; column_border_radius=&#8221;none&#8221; column_link_target=&#8221;_self&#8221;...","og_url":"https:\/\/www.plurima.net\/index.php\/privacy-policy\/","og_site_name":"Plurima by Italnext","article_modified_time":"2024-09-30T16:34:24+00:00","twitter_card":"summary_large_image","twitter_misc":{"Tempo di lettura stimato":"4 minuti"},"schema":{"@context":"https:\/\/schema.org","@graph":[{"@type":"WebPage","@id":"https:\/\/www.plurima.net\/index.php\/privacy-policy\/","url":"https:\/\/www.plurima.net\/index.php\/privacy-policy\/","name":"Privacy Policy - Plurima by Italnext","isPartOf":{"@id":"https:\/\/www.plurima.net\/#website"},"datePublished":"2021-10-20T09:22:52+00:00","dateModified":"2024-09-30T16:34:24+00:00","breadcrumb":{"@id":"https:\/\/www.plurima.net\/index.php\/privacy-policy\/#breadcrumb"},"inLanguage":"it-IT","potentialAction":[{"@type":"ReadAction","target":["https:\/\/www.plurima.net\/index.php\/privacy-policy\/"]}]},{"@type":"BreadcrumbList","@id":"https:\/\/www.plurima.net\/index.php\/privacy-policy\/#breadcrumb","itemListElement":[{"@type":"ListItem","position":1,"name":"Home","item":"https:\/\/www.plurima.net\/"},{"@type":"ListItem","position":2,"name":"Privacy Policy"}]},{"@type":"WebSite","@id":"https:\/\/www.plurima.net\/#website","url":"https:\/\/www.plurima.net\/","name":"Plurima by Italnext","description":"Plurima Servizi Assicurativi","publisher":{"@id":"https:\/\/www.plurima.net\/#organization"},"potentialAction":[{"@type":"SearchAction","target":{"@type":"EntryPoint","urlTemplate":"https:\/\/www.plurima.net\/?s={search_term_string}"},"query-input":{"@type":"PropertyValueSpecification","valueRequired":true,"valueName":"search_term_string"}}],"inLanguage":"it-IT"},{"@type":"Organization","@id":"https:\/\/www.plurima.net\/#organization","name":"Plurima","url":"https:\/\/www.plurima.net\/","logo":{"@type":"ImageObject","inLanguage":"it-IT","@id":"https:\/\/www.plurima.net\/#\/schema\/logo\/image\/","url":"http:\/\/www.plurima.net\/wp-content\/uploads\/2021\/11\/timiline.jpg","contentUrl":"http:\/\/www.plurima.net\/wp-content\/uploads\/2021\/11\/timiline.jpg","width":500,"height":350,"caption":"Plurima"},"image":{"@id":"https:\/\/www.plurima.net\/#\/schema\/logo\/image\/"}}]}},"_links":{"self":[{"href":"https:\/\/www.plurima.net\/index.php\/wp-json\/wp\/v2\/pages\/220"}],"collection":[{"href":"https:\/\/www.plurima.net\/index.php\/wp-json\/wp\/v2\/pages"}],"about":[{"href":"https:\/\/www.plurima.net\/index.php\/wp-json\/wp\/v2\/types\/page"}],"author":[{"embeddable":true,"href":"https:\/\/www.plurima.net\/index.php\/wp-json\/wp\/v2\/users\/2"}],"replies":[{"embeddable":true,"href":"https:\/\/www.plurima.net\/index.php\/wp-json\/wp\/v2\/comments?post=220"}],"version-history":[{"count":8,"href":"https:\/\/www.plurima.net\/index.php\/wp-json\/wp\/v2\/pages\/220\/revisions"}],"predecessor-version":[{"id":1798,"href":"https:\/\/www.plurima.net\/index.php\/wp-json\/wp\/v2\/pages\/220\/revisions\/1798"}],"wp:attachment":[{"href":"https:\/\/www.plurima.net\/index.php\/wp-json\/wp\/v2\/media?parent=220"}],"curies":[{"name":"wp","href":"https:\/\/api.w.org\/{rel}","templated":true}]}}